{"id":49,"date":"2017-10-20T15:38:28","date_gmt":"2017-10-20T13:38:28","guid":{"rendered":"http:\/\/diwan-plougastell.bzh\/?page_id=49"},"modified":"2024-12-26T17:32:53","modified_gmt":"2024-12-26T16:32:53","slug":"faire-un-don","status":"publish","type":"page","link":"https:\/\/diwan-plougastell.bzh\/index.php\/faire-un-don\/","title":{"rendered":"Faire un don"},"content":{"rendered":"<p>Si les enseignants sont r\u00e9mun\u00e9r\u00e9s par le r\u00e9seau jusqu\u2019\u00e0 la contractualisation de l\u2019\u00e9cole par l\u2019Etat, le salaire du personnel non-enseignant (ASEM) est \u00e0 la charge de l\u2019\u00e9cole. Il en va de m\u00eame du loyer des locaux de l&rsquo;\u00e9cole. Pour nous aider \u00e0 assumer ces co\u00fbts afin de p\u00e9r\u00e9niser l&rsquo;\u00e9cole et les personnes qui y travaillent, <a href=\"https:\/\/www.helloasso.com\/associations\/comite-de-soutien-diwan-plougastell\/formulaires\/1\">vous pouvez faire un don<\/a>. Il se sera soumis \u00e0 la d\u00e9fiscalisation, car notre association remplit toutes les conditions.<\/p>\n<p><img loading=\"lazy\" decoding=\"async\" class=\"alignnone size-large wp-image-289\" src=\"http:\/\/diwan-plougastell.bzh\/wp-content\/uploads\/2017\/10\/don-diwan-deduction-1024x768.jpg\" alt=\"\" width=\"640\" height=\"480\" srcset=\"https:\/\/diwan-plougastell.bzh\/wp-content\/uploads\/2017\/10\/don-diwan-deduction.jpg 1024w, https:\/\/diwan-plougastell.bzh\/wp-content\/uploads\/2017\/10\/don-diwan-deduction-300x225.jpg 300w, https:\/\/diwan-plougastell.bzh\/wp-content\/uploads\/2017\/10\/don-diwan-deduction-768x576.jpg 768w\" sizes=\"(max-width: 640px) 100vw, 640px\" \/><\/p>\n<p style=\"text-align: center;\">Pour mettre en place un don, Skol Diwan Plougastell poss\u00e8de un compte sur HelloAsso.<\/p>\n<p style=\"text-align: center;\">Si vous souhaitez contribuer, cliquez !\u00a0<\/p>\n\n\n<div class=\"wp-block-buttons is-content-justification-center is-layout-flex wp-container-core-buttons-is-layout-1 wp-block-buttons-is-layout-flex\">\n<div class=\"wp-block-button\"><a class=\"wp-block-button__link has-text-align-center wp-element-button\" href=\"https:\/\/www.helloasso.com\/associations\/comite-de-soutien-diwan-plougastel\/formulaires\/1\">Je contribue \ud83d\udcaa<\/a><\/div>\n<\/div>\n\n\n\n<iframe id=\"haWidget\" allowtransparency=\"true\" scrolling=\"auto\" src=\"https:\/\/www.helloasso.com\/associations\/comite-de-soutien-diwan-plougastel\/formulaires\/1\/widget\" style=\"width: 100%; height: 2600px; border: none;\"><\/iframe>\n","protected":false},"excerpt":{"rendered":"<p>Si les enseignants sont r\u00e9mun\u00e9r\u00e9s par le r\u00e9seau jusqu\u2019\u00e0 la contractualisation de l\u2019\u00e9cole par l\u2019Etat, le salaire du personnel non-enseignant (ASEM) est \u00e0 la charge de l\u2019\u00e9cole. Il en va de m\u00eame du loyer des locaux de l&rsquo;\u00e9cole. Pour nous aider \u00e0 assumer ces co\u00fbts afin de p\u00e9r\u00e9niser l&rsquo;\u00e9cole et les personnes qui y travaillent, <a href=\"https:\/\/diwan-plougastell.bzh\/index.php\/faire-un-don\/\" rel=\"nofollow\"><span class=\"sr-only\">En savoir plus surFaire un don<\/span>[&hellip;]<\/a><\/p>\n","protected":false},"author":1,"featured_media":291,"parent":0,"menu_order":0,"comment_status":"closed","ping_status":"closed","template":"","meta":{"footnotes":""},"_links":{"self":[{"href":"https:\/\/diwan-plougastell.bzh\/index.php\/wp-json\/wp\/v2\/pages\/49"}],"collection":[{"href":"https:\/\/diwan-plougastell.bzh\/index.php\/wp-json\/wp\/v2\/pages"}],"about":[{"href":"https:\/\/diwan-plougastell.bzh\/index.php\/wp-json\/wp\/v2\/types\/page"}],"author":[{"embeddable":true,"href":"https:\/\/diwan-plougastell.bzh\/index.php\/wp-json\/wp\/v2\/users\/1"}],"replies":[{"embeddable":true,"href":"https:\/\/diwan-plougastell.bzh\/index.php\/wp-json\/wp\/v2\/comments?post=49"}],"version-history":[{"count":20,"href":"https:\/\/diwan-plougastell.bzh\/index.php\/wp-json\/wp\/v2\/pages\/49\/revisions"}],"predecessor-version":[{"id":743,"href":"https:\/\/diwan-plougastell.bzh\/index.php\/wp-json\/wp\/v2\/pages\/49\/revisions\/743"}],"wp:featuredmedia":[{"embeddable":true,"href":"https:\/\/diwan-plougastell.bzh\/index.php\/wp-json\/wp\/v2\/media\/291"}],"wp:attachment":[{"href":"https:\/\/diwan-plougastell.bzh\/index.php\/wp-json\/wp\/v2\/media?parent=49"}],"curies":[{"name":"wp","href":"https:\/\/api.w.org\/{rel}","templated":true}]}}