{"id":62,"date":"2017-10-20T18:59:44","date_gmt":"2017-10-20T16:59:44","guid":{"rendered":"http:\/\/diwan-plougastell.bzh\/?page_id=62"},"modified":"2017-10-25T12:17:55","modified_gmt":"2017-10-25T10:17:55","slug":"charte-diwan-karta-diwan","status":"publish","type":"page","link":"https:\/\/diwan-plougastell.bzh\/index.php\/charte-diwan-karta-diwan\/","title":{"rendered":"Charte Diwan \/ Karta Diwan"},"content":{"rendered":"<p><img loading=\"lazy\" decoding=\"async\" class=\"alignnone size-medium wp-image-65 aligncenter\" src=\"http:\/\/diwan-plougastell.bzh\/wp-content\/uploads\/2017\/10\/Logo_Diwan_V1-300x197.png\" alt=\"\" width=\"300\" height=\"197\" srcset=\"https:\/\/diwan-plougastell.bzh\/wp-content\/uploads\/2017\/10\/Logo_Diwan_V1-300x197.png 300w, https:\/\/diwan-plougastell.bzh\/wp-content\/uploads\/2017\/10\/Logo_Diwan_V1.png 500w\" sizes=\"(max-width: 300px) 100vw, 300px\" \/><\/p>\n<ol>\n<li>L\u2019association Diwan est ouverte \u00e0 toutes les familles d\u00e9sirant assurer une \u00e9ducation de leurs enfants en langue bretonne, sans distinction socio-professionnelle, philosophique ou politique. Les \u00e9coles sont gratuites et ouvertes \u00e0 tous.<\/li>\n<li>Diwan existe du fait des carences d\u2019une Education Nationale ne donnant pas sa place \u00e0 la langue bretonne, mais r\u00e9clame la prise en charge de ses \u00e9coles dans un service public d\u2019enseignement d\u00e9mocratique et r\u00e9nov\u00e9 en Bretagne, permettant l\u2019utilisation du breton comme langue v\u00e9hiculaire de la maternelle \u00e0 l\u2019universit\u00e9 dans tous les domaines de l\u2019enseignement.<\/li>\n<li>Diwan est ind\u00e9pendant par rapport \u00e0 toute formation philosophique, confessionnelle, politique, syndicale, etc. En cons\u00e9quence, Diwan affirme que son combat exige que soient respect\u00e9es les convictions religieuses, philosophiques ou politiques de tous ses membres, quel que soit l\u2019\u00e9ventail de celles-ci et tant qu\u2019elles ne sont pas contraires \u00e0 la D\u00e9claration Universelle des Droits de l\u2019homme. Cette indispensable tol\u00e9rance conduit Diwan \u00e0 d\u00e9fendre la la\u00efcit\u00e9 dans son enseignement et \u00e0 se porter garant de la libert\u00e9 de pens\u00e9e de chaque personne.<\/li>\n<li>Diwan instaure un enseignement d\u00e9mocratique avec la collaboration effective des parents, des collectivit\u00e9s locales et des enseignants. Diwan demande aux parents de cr\u00e9er au sein de la famille, un climat propice \u00e0 l\u2019expression en langue bretonne dans la vie quotidienne.<\/li>\n<li>Diwan s\u2019engage \u00e0 promouvoir l\u2019usage du breton au sein de l\u2019association \u00e0 tous les niveaux; par ailleurs, Diwan promeut un d\u00e9veloppement culturel en langue bretonne donnant \u00e0 chaque enfant le maximum d\u2019atouts pour forger lui-m\u00eame son avenir et permettant aux enfants de Bretagne de prendre en charge leur environnement naturel, social et \u00e9conomique.<\/li>\n<li>Diwan d\u00e9clare son hostilit\u00e9 \u00e0 toute uniformisation linguistique et est attach\u00e9e aux diverses formes d\u2019expression culturelle, affirmant que seul leur compl\u00e9mentarit\u00e9 est source d\u2019unit\u00e9, d\u2019enrichissement mutuel et collectif. Le breton enseign\u00e9 dans les \u00e9coles maternelles Diwan est celui utilis\u00e9 dans leur environnement g\u00e9ographique et humain.<\/li>\n<li>Conform\u00e9ment aux droits inali\u00e9nables des peuples \u00e0 s\u2019exprimer par leur propre culture, Diwan appelle toutes les personnes \u00e9prises de d\u00e9mocratie, les organisations culturelles bretonnes, les organisations syndicales notamment d\u2019enseignants, \u00e0 lutter avec elle pour plus de justice et contre toutes les formes de domination culturelle.<\/li>\n<li>Diwan se d\u00e9clare solidaire de tous les peuples qui luttent pour leur identit\u00e9 culturelle, en y ins\u00e9rant les travailleurs immigr\u00e9s, affirmant que leur diversit\u00e9 concourt \u00e0 enrichir le patrimoine humain.<\/li>\n<\/ol>\n<hr \/>\n<ol>\n<li><em>Digor eo ar gevredigezh Diwan d\u2019an holl familho\u00f9 a fell dezho rei\u00f1 un deskadurezh e brezhoneg d\u2019o bugale, hep diforc\u2019h sokiomicherel, prederouriezhel pe bolitikel. Digoust ha digor d\u2019an holl eo ar skolio\u00f9.<\/em><\/li>\n<li><em>Bez\u2019ez eus eus Diwan abalamour da vanko\u00f9 an Deskadurezh Stad na ro ket e blas d\u2019ar brezhoneg; goulenn a ra gro\u00f1s Diwan ma vo kemeret e karg he skolio\u00f9 en ur servij deskadurezh publik demokratel ha renevezet e Breizh, a aotreo implij ar brezhoneg evel yezh kevredigezhel eus ar skolio\u00f9-mamm betek ar skolio\u00f9-meur en holl domanio\u00f9 ar c\u2019helenn.<\/em><\/li>\n<li><em>Distag eo Diwan diouzh pep aozadur prederouriezhel, politikel, sindikadel, h.a. Rak-se ec\u2019h embann Diwan e c\u2019houlenn gro\u00f1s he stourm ma vo doujet da gredenno\u00f9 relijiel, prederouriezhel pe politikel he holl izili forzh pere a vefent gant ma ne vint ket kontrol da Ziskl\u00eariadur Hollvedel Gwirio\u00f9 Mab-den. An habaskter hollret-ma\u00f1 a gas Diwan da zifenn ha da vrouda\u00f1 al laikelezh en he c\u2019helennadurezh ha dont da c\u2019hred da frankiz so\u00f1jal pep hini.<\/em><\/li>\n<li><em>Diwan a laka e plas ur c\u2019helenn demokratel o kenlabourat a-zevri gant ar gerent, ar strollegezhio\u00f9 lec\u2019hel hag ar gelennerien. Goulenn a ra Diwan digant tud ar vugale kroui\u00f1 e-touez an tiegezh un aergelc\u2019h emsav a-benn rei\u00f1 d\u2019ar brezhoneg e blas en o buhez pemdez.<\/em><\/li>\n<li><em>Gouestla\u00f1 a ra Diwan brouda\u00f1 implij ar brezhoneg d\u2019an holl liveo\u00f9 e diabarzh ar gevredigezh; Eus un tu all e kas Diwan war-raok un diorroadur sevenadurel e brezhoneg a ro da bep bugel ar muia\u00f1 a gartenno\u00f9-trec\u2019h evit sevel e-unan e zazont had a ro an tu da vugale Breizh da gemer e karg o endro naturel, sokial hag armerzhel.<\/em><\/li>\n<li><em>Diskl\u00earia\u00f1 a ra Diwan beza\u00f1 a-enep pep unneuziadur yezhel, beza\u00f1 stag ouzh ar stummo\u00f9 dishe\u00f1vel a eztaolado\u00f9 sevenadurel, hag embann a ra n\u2019eus nemet o c\u2019henklokauster a zegas unaniezh ha kenbinvidigezh stroll. Ar brezhoneg kelennet e skolio\u00f9-mamm Diwan zo an hini implijet en o endro douaroniezhel ha denel.<\/em><\/li>\n<li><em>A-du gant gwirio\u00f9 dilammadus ar poblo\u00f9 d\u2019en em ezteurel dre o sevenadur dezho o-unan e c\u2019halv Diwan kement hinienn zo tomm ouzh an demokratelezh, an aozadurio\u00f9 sevenadurel breizhek, an aozadurio\u00f9 sindikadel, re ar gelennerien peurgetket, da stourm a-gevret ganti evit muioc\u2019h a justis hag a-enep pep furm a vac\u2019homerezh sevenadurel.<\/em><\/li>\n<li><em>Diskleria\u00f1 a ra Diwan beza\u00f1 kengred gant an holl boblo\u00f9 a stourm evit o fersonded sevenadurel, lakaet e-barzh al labourererien enbroet, hag e embann e talvez o liesseurtegezh da binvidikaat glad mab-den.<\/em><\/li>\n<\/ol>\n<p><img loading=\"lazy\" decoding=\"async\" class=\"alignnone size-full wp-image-253\" src=\"http:\/\/diwan-plougastell.bzh\/wp-content\/uploads\/2017\/10\/sans-titre.png\" alt=\"\" width=\"949\" height=\"960\" srcset=\"https:\/\/diwan-plougastell.bzh\/wp-content\/uploads\/2017\/10\/sans-titre.png 949w, https:\/\/diwan-plougastell.bzh\/wp-content\/uploads\/2017\/10\/sans-titre-297x300.png 297w, https:\/\/diwan-plougastell.bzh\/wp-content\/uploads\/2017\/10\/sans-titre-768x777.png 768w, https:\/\/diwan-plougastell.bzh\/wp-content\/uploads\/2017\/10\/sans-titre-70x70.png 70w, https:\/\/diwan-plougastell.bzh\/wp-content\/uploads\/2017\/10\/sans-titre-127x127.png 127w, https:\/\/diwan-plougastell.bzh\/wp-content\/uploads\/2017\/10\/sans-titre-125x125.png 125w\" sizes=\"(max-width: 949px) 100vw, 949px\" \/><\/p>\n","protected":false},"excerpt":{"rendered":"<p>L\u2019association Diwan est ouverte \u00e0 toutes les familles d\u00e9sirant assurer une \u00e9ducation de leurs enfants en langue bretonne, sans distinction socio-professionnelle, philosophique ou politique. Les \u00e9coles sont gratuites et ouvertes \u00e0 tous. Diwan existe du fait des carences d\u2019une Education Nationale ne donnant pas sa place \u00e0 la langue bretonne, mais r\u00e9clame la prise en <a href=\"https:\/\/diwan-plougastell.bzh\/index.php\/charte-diwan-karta-diwan\/\" rel=\"nofollow\"><span class=\"sr-only\">En savoir plus surCharte Diwan \/ Karta Diwan<\/span>[&hellip;]<\/a><\/p>\n","protected":false},"author":1,"featured_media":0,"parent":0,"menu_order":0,"comment_status":"closed","ping_status":"closed","template":"","meta":{"footnotes":""},"_links":{"self":[{"href":"https:\/\/diwan-plougastell.bzh\/index.php\/wp-json\/wp\/v2\/pages\/62"}],"collection":[{"href":"https:\/\/diwan-plougastell.bzh\/index.php\/wp-json\/wp\/v2\/pages"}],"about":[{"href":"https:\/\/diwan-plougastell.bzh\/index.php\/wp-json\/wp\/v2\/types\/page"}],"author":[{"embeddable":true,"href":"https:\/\/diwan-plougastell.bzh\/index.php\/wp-json\/wp\/v2\/users\/1"}],"replies":[{"embeddable":true,"href":"https:\/\/diwan-plougastell.bzh\/index.php\/wp-json\/wp\/v2\/comments?post=62"}],"version-history":[{"count":3,"href":"https:\/\/diwan-plougastell.bzh\/index.php\/wp-json\/wp\/v2\/pages\/62\/revisions"}],"predecessor-version":[{"id":254,"href":"https:\/\/diwan-plougastell.bzh\/index.php\/wp-json\/wp\/v2\/pages\/62\/revisions\/254"}],"wp:attachment":[{"href":"https:\/\/diwan-plougastell.bzh\/index.php\/wp-json\/wp\/v2\/media?parent=62"}],"curies":[{"name":"wp","href":"https:\/\/api.w.org\/{rel}","templated":true}]}}